{"id":16850,"date":"2022-11-26T22:14:47","date_gmt":"2022-11-26T21:14:47","guid":{"rendered":"https:\/\/audio-ksiega-gosci.pl\/prawo-do-odstapienia-od-umowy\/"},"modified":"2023-10-23T08:23:19","modified_gmt":"2023-10-23T06:23:19","slug":"prawo-do-odstapienia-od-umowy","status":"publish","type":"page","link":"https:\/\/telefon-mieten.de\/pl\/prawo-do-odstapienia-od-umowy\/","title":{"rendered":"Prawo do odst\u0105pienia od umowy"},"content":{"rendered":"\t\t<div data-elementor-type=\"wp-page\" data-elementor-id=\"16850\" class=\"elementor elementor-16850 elementor-11421\" data-elementor-post-type=\"page\">\n\t\t\t\t\t\t<section class=\"wd-negative-gap elementor-section elementor-top-section elementor-element elementor-element-4438a8ca elementor-section-boxed elementor-section-height-default elementor-section-height-default\" data-id=\"4438a8ca\" data-element_type=\"section\" data-e-type=\"section\">\n\t\t\t\t\t\t<div class=\"elementor-container elementor-column-gap-default\">\n\t\t\t\t\t<div class=\"elementor-column elementor-col-100 elementor-top-column elementor-element elementor-element-54d23015\" data-id=\"54d23015\" data-element_type=\"column\" data-e-type=\"column\">\n\t\t\t<div class=\"elementor-widget-wrap elementor-element-populated\">\n\t\t\t\t\t\t<div class=\"elementor-element elementor-element-163e6304 wd-width-100 elementor-widget elementor-widget-wd_title\" data-id=\"163e6304\" data-element_type=\"widget\" data-e-type=\"widget\" data-widget_type=\"wd_title.default\">\n\t\t\t\t<div class=\"elementor-widget-container\">\n\t\t\t\t\t\t\t<div class=\"title-wrapper wd-set-mb reset-last-child wd-title-color-default wd-title-style-underlined wd-title-size-default text-left\">\n\n\t\t\t\n\t\t\t<div class=\"liner-continer\">\n\t\t\t\t<h4 class=\"woodmart-title-container title wd-fontsize-l\">Polityka anulowania i wz\u00f3r formularza anulowania dla konsument\u00f3w<\/h4> \n\t\t\t\t\t\t\t<\/div>\n\n\t\t\t\t\t<\/div>\n\t\t\t\t\t\t<\/div>\n\t\t\t\t<\/div>\n\t\t\t\t<section class=\"wd-negative-gap elementor-section elementor-inner-section elementor-element elementor-element-4ccdb00b elementor-section-boxed elementor-section-height-default elementor-section-height-default\" data-id=\"4ccdb00b\" data-element_type=\"section\" data-e-type=\"section\">\n\t\t\t\t\t\t<div class=\"elementor-container elementor-column-gap-extended\">\n\t\t\t\t\t<div class=\"elementor-column elementor-col-50 elementor-inner-column elementor-element elementor-element-511a8f69\" data-id=\"511a8f69\" data-element_type=\"column\" data-e-type=\"column\">\n\t\t\t<div class=\"elementor-widget-wrap elementor-element-populated\">\n\t\t\t\t\t\t<div class=\"elementor-element elementor-element-3dc76284 elementor-widget elementor-widget-wd_text_block\" data-id=\"3dc76284\" data-element_type=\"widget\" data-e-type=\"widget\" data-widget_type=\"wd_text_block.default\">\n\t\t\t\t<div class=\"elementor-widget-container\">\n\t\t\t\t\t\t\t<div class=\"wd-text-block reset-last-child text-left\">\n\t\t\t\n\t\t\t<h4>Uwaga<\/h4><p>(Konsumentem jest ka\u017cda osoba fizyczna, kt\u00f3ra zawiera transakcj\u0119 prawn\u0105 w celach, kt\u00f3re w przewa\u017caj\u0105cej mierze nie s\u0105 ani handlowe, ani samozatrudnione).<\/p><p>Prawo do odst\u0105pienia od umowy <strong>nie<\/strong> ma zastosowania do um\u00f3w zawieranych na odleg\u0142o\u015b\u0107, kt\u00f3rych przedmiotem jest dostawa spersonalizowanych produkt\u00f3w, kt\u00f3re nie s\u0105 prefabrykowane i w przypadku kt\u00f3rych decyduj\u0105ce znaczenie ma indywidualny wyb\u00f3r lub decyzja konsumenta lub kt\u00f3re s\u0105 wyra\u017anie dostosowane do osobistych potrzeb konsumenta.<\/p>\n\t\t\t\t\t<\/div>\n\t\t\t\t\t\t<\/div>\n\t\t\t\t<\/div>\n\t\t\t\t<div class=\"elementor-element elementor-element-c2b387e elementor-alert-warning elementor-widget elementor-widget-alert\" data-id=\"c2b387e\" data-element_type=\"widget\" data-e-type=\"widget\" data-widget_type=\"alert.default\">\n\t\t\t\t<div class=\"elementor-widget-container\">\n\t\t\t\t\t\t\t<div class=\"elementor-alert\" role=\"alert\">\n\n\t\t\t\t\t\t<span class=\"elementor-alert-title\">Zindywidualizowane produkty<\/span>\n\t\t\t\n\t\t\t\t\t\t<span class=\"elementor-alert-description\"><p>Prawo do odst\u0105pienia od umowy jest zatem wy\u0142\u0105czone w przypadku stojak\u00f3w wykonanych na zam\u00f3wienie, pami\u0119ci USB, p\u0142yt audio CD lub p\u0142yt winylowych.<\/p>\n<\/span>\n\t\t\t\n\t\t\t\n\t\t<\/div>\n\t\t\t\t\t\t<\/div>\n\t\t\t\t<\/div>\n\t\t\t\t<div class=\"elementor-element elementor-element-495a32b elementor-widget elementor-widget-wd_text_block\" data-id=\"495a32b\" data-element_type=\"widget\" data-e-type=\"widget\" data-widget_type=\"wd_text_block.default\">\n\t\t\t\t<div class=\"elementor-widget-container\">\n\t\t\t\t\t\t\t<div class=\"wd-text-block reset-last-child text-left\">\n\t\t\t\n\t\t\t<h4>Polityka anulowania<\/h4><p>U\u017cytkownik ma prawo do odst\u0105pienia od umowy w ci\u0105gu czternastu dni bez podania przyczyny.<\/p><p>Okres odst\u0105pienia od umowy wynosi czterna\u015bcie dni od dnia, w kt\u00f3rym u\u017cytkownik lub wskazana przez niego osoba trzecia, kt\u00f3ra nie jest przewo\u017anikiem, wesz\u0142a w posiadanie ostatnich towar\u00f3w.<\/p><p>Aby skorzysta\u0107 z prawa do odst\u0105pienia od umowy, nale\u017cy przes\u0142a\u0107 nam<\/p><p><em>telefon-mieten.de<\/em><br><em>Guido Leifhelm<\/em><br><em>Schrievers Brede 29<\/em><br><em>DE - 59269 Beckum<\/em><br><em>Niemcy<\/em><\/p><p><em>E-mail: halo@telefon-mieten.de<\/em><br><em>Telefon kom\u00f3rkowy: +49 151 1761 3688<\/em><\/p><p>za pomoc\u0105 wyra\u017anego o\u015bwiadczenia (np. listu lub wiadomo\u015bci e-mail wys\u0142anej poczt\u0105) o decyzji o odst\u0105pieniu od niniejszej umowy. Mo\u017cesz skorzysta\u0107 z za\u0142\u0105czonego przyk\u0142adowego formularza anulowania, kt\u00f3ry nie jest obowi\u0105zkowy.<\/p><p>Aby zachowa\u0107 termin do odst\u0105pienia od umowy, wystarczy wys\u0142a\u0107 powiadomienie o skorzystaniu z prawa do odst\u0105pienia od umowy przed up\u0142ywem terminu do odst\u0105pienia od umowy.<\/p><h4>Konsekwencje cofni\u0119cia zezwolenia<\/h4><p>W przypadku odst\u0105pienia od niniejszej umowy przez u\u017cytkownika, mamy obowi\u0105zek zwr\u00f3ci\u0107 u\u017cytkownikowi wszystkie otrzymane od niego p\u0142atno\u015bci, w tym koszty dostawy (z wyj\u0105tkiem dodatkowych koszt\u00f3w wynikaj\u0105cych z faktu, \u017ce u\u017cytkownik wybra\u0142 rodzaj dostawy inny ni\u017c najta\u0144sza standardowa dostawa oferowana przez nas), niezw\u0142ocznie, a najp\u00f3\u017aniej w ci\u0105gu czternastu dni od dnia, w kt\u00f3rym otrzymali\u015bmy powiadomienie o odst\u0105pieniu od niniejszej umowy przez u\u017cytkownika. W celu dokonania zwrotu u\u017cyjemy tych samych \u015brodk\u00f3w p\u0142atno\u015bci, kt\u00f3re zosta\u0142y u\u017cyte w pierwotnej transakcji, chyba \u017ce wyra\u017anie uzgodniono z u\u017cytkownikiem inaczej; w \u017cadnym wypadku u\u017cytkownik nie zostanie obci\u0105\u017cony op\u0142at\u0105 za ten zwrot. Mo\u017cemy odm\u00f3wi\u0107 zwrotu pieni\u0119dzy do czasu otrzymania towar\u00f3w z powrotem lub do czasu dostarczenia przez u\u017cytkownika dowodu, \u017ce zwr\u00f3ci\u0142 towary, w zale\u017cno\u015bci od tego, co nast\u0105pi wcze\u015bniej.<\/p><p>U\u017cytkownik musi zwr\u00f3ci\u0107 lub przekaza\u0107 nam towary niezw\u0142ocznie, a w ka\u017cdym razie nie p\u00f3\u017aniej ni\u017c czterna\u015bcie dni od dnia, w kt\u00f3rym powiadomi\u0142 nas o odst\u0105pieniu od niniejszej umowy. Termin jest dotrzymany, je\u015bli towary zostan\u0105 wys\u0142ane przed up\u0142ywem czternastodniowego okresu.  <\/p><h4><strong>U\u017cytkownik ponosi bezpo\u015brednie koszty zwrotu towar\u00f3w.<\/strong><\/h4><p>Towary musz\u0105 zosta\u0107 zwr\u00f3cone w stanie nienaruszonym i, je\u015bli to mo\u017cliwe, w oryginalnym opakowaniu. U\u017cytkownik musi zap\u0142aci\u0107 za utrat\u0119 warto\u015bci towar\u00f3w tylko wtedy, gdy utrata warto\u015bci wynika z obchodzenia si\u0119 z towarami, kt\u00f3re nie jest konieczne do sprawdzenia stanu, w\u0142a\u015bciwo\u015bci i funkcjonowania towar\u00f3w.<\/p>\n\t\t\t\t\t<\/div>\n\t\t\t\t\t\t<\/div>\n\t\t\t\t<\/div>\n\t\t\t\t\t<\/div>\n\t\t<\/div>\n\t\t\t\t<div class=\"elementor-column elementor-col-50 elementor-inner-column elementor-element elementor-element-1990e944\" data-id=\"1990e944\" data-element_type=\"column\" data-e-type=\"column\">\n\t\t\t<div class=\"elementor-widget-wrap elementor-element-populated\">\n\t\t\t\t\t\t<div class=\"elementor-element elementor-element-61e19cb6 elementor-widget elementor-widget-wd_text_block\" data-id=\"61e19cb6\" data-element_type=\"widget\" data-e-type=\"widget\" data-widget_type=\"wd_text_block.default\">\n\t\t\t\t<div class=\"elementor-widget-container\">\n\t\t\t\t\t\t\t<div class=\"wd-text-block reset-last-child text-left\">\n\t\t\t\n\t\t\t<h4>Przyk\u0142adowy formularz anulowania<\/h4><p>(Je\u015bli chcesz anulowa\u0107 umow\u0119, wype\u0142nij i ode\u015blij ten formularz).<\/p><p>- An<\/p><p><em>telefon-mieten.de<\/em><br><em>Guido Leifhelm<\/em><br><em>Schrievers Brede 29<\/em><br><em>DE - 59269 Beckum<\/em><br><em>Niemcy<\/em><\/p><p><em>E-mail: halo@telefon-mieten.de<\/em><br><em>Telefon kom\u00f3rkowy: +49 151 1761 3688<\/em><\/p><p>- Ja\/My (*) niniejszym odst\u0119puj\u0119\/odst\u0119pujemy (*) od zawartej przeze mnie\/nas (*) umowy zakupu nast\u0119puj\u0105cych towar\u00f3w (*)\/\u015bwiadczenia nast\u0119puj\u0105cej us\u0142ugi (*)<\/p><p>- Zam\u00f3wione w dniu (*)\/otrzymane w dniu (*)<\/p><p>- Imi\u0119 i nazwisko konsumenta(-\u00f3w)<\/p><p>- Adres konsumenta(-\u00f3w)<\/p><p>- Podpis konsumenta(-\u00f3w) (tylko w przypadku powiadomienia na papierze)<\/p><p>- Data<\/p><p>______________<\/p><p>(*) Niepotrzebne skre\u015bli\u0107.<\/p>\n\t\t\t\t\t<\/div>\n\t\t\t\t\t\t<\/div>\n\t\t\t\t<\/div>\n\t\t\t\t\t<\/div>\n\t\t<\/div>\n\t\t\t\t\t<\/div>\n\t\t<\/section>\n\t\t\t\t\t<\/div>\n\t\t<\/div>\n\t\t\t\t\t<\/div>\n\t\t<\/section>\n\t\t\t\t<\/div>\n\t\t","protected":false},"excerpt":{"rendered":"<p>Polityka anulowania i wz\u00f3r formularza anulowania dla konsument\u00f3w Uwaga (Konsumentem jest ka\u017cda osoba fizyczna, kt\u00f3ra zawiera transakcj\u0119 prawn\u0105 w celach,<\/p>\n","protected":false},"author":1,"featured_media":0,"parent":0,"menu_order":0,"comment_status":"closed","ping_status":"closed","template":"","meta":{"footnotes":""},"class_list":["post-16850","page","type-page","status-publish","hentry"],"publishpress_future_action":{"enabled":false,"date":"2026-04-25 11:45:11","action":"change-status","newStatus":"draft","terms":[],"taxonomy":"translation_priority","extraData":[]},"publishpress_future_workflow_manual_trigger":{"enabledWorkflows":[]},"_links":{"self":[{"href":"https:\/\/telefon-mieten.de\/pl\/wp-json\/wp\/v2\/pages\/16850","targetHints":{"allow":["GET"]}}],"collection":[{"href":"https:\/\/telefon-mieten.de\/pl\/wp-json\/wp\/v2\/pages"}],"about":[{"href":"https:\/\/telefon-mieten.de\/pl\/wp-json\/wp\/v2\/types\/page"}],"author":[{"embeddable":true,"href":"https:\/\/telefon-mieten.de\/pl\/wp-json\/wp\/v2\/users\/1"}],"replies":[{"embeddable":true,"href":"https:\/\/telefon-mieten.de\/pl\/wp-json\/wp\/v2\/comments?post=16850"}],"version-history":[{"count":0,"href":"https:\/\/telefon-mieten.de\/pl\/wp-json\/wp\/v2\/pages\/16850\/revisions"}],"wp:attachment":[{"href":"https:\/\/telefon-mieten.de\/pl\/wp-json\/wp\/v2\/media?parent=16850"}],"curies":[{"name":"wp","href":"https:\/\/api.w.org\/{rel}","templated":true}]}}