{"id":16805,"date":"2023-08-18T15:55:00","date_gmt":"2023-08-18T13:55:00","guid":{"rendered":"https:\/\/audio-ksiega-gosci.pl\/mini-glosnik-z-bluetooth-i-karta-micro-sd-16-gb\/"},"modified":"2024-10-04T16:37:17","modified_gmt":"2024-10-04T14:37:17","slug":"mini-glosnik-z-bluetooth-i-karta-micro-sd-16-gb","status":"publish","type":"product","link":"https:\/\/telefon-mieten.de\/pl\/mini-glosnik-z-bluetooth-i-karta-micro-sd-16-gb\/","title":{"rendered":"Mini g\u0142o\u015bnik z Bluetooth i kart\u0105 Micro SD 16 GB"},"content":{"rendered":"","protected":false},"excerpt":{"rendered":"<p>Mini g\u0142o\u015bnik jest idealny, gdy chcesz <strong>cieszy\u0107 si\u0119 d\u017awi\u0119kowymi pozdrowieniami z innymi<\/strong>. Dostarczamy indywidualny miks, podzielony na poszczeg\u00f3lne utwory, na <strong>karcie micro SD o pojemno\u015bci 16<\/strong> GB. Wystarczy w\u0142\u0105czy\u0107 g\u0142o\u015bnik i natychmiast ods\u0142ucha\u0107 gratulacje.<br \/>\nTechnologia Smart Touch pozwala \u0142atwo dostosowa\u0107 g\u0142o\u015bno\u015b\u0107 do w\u0142asnych upodoba\u0144 i szybko prze\u0142\u0105czy\u0107 si\u0119 na \u017c\u0105dany utw\u00f3r za pomoc\u0105 czubka palca.<\/p>\n<p>Dzi\u0119ki technologii Bluetooth 5.0 mo\u017cna \u0142atwo pod\u0142\u0105czy\u0107 mini g\u0142o\u015bnik do telefonu kom\u00f3rkowego i s\u0142ucha\u0107 muzyki bezprzewodowo &#8211; nawet przez 12 godzin przy 60% g\u0142o\u015bno\u015bci. Oczywi\u015bcie dostarczamy r\u00f3wnie\u017c kabel micro USB do \u0142adowania. G\u0142o\u015bnik jest ponownie w pe\u0142ni na\u0142adowany w ci\u0105gu zaledwie 2-3 godzin.<\/p>\n<p>Do\u0142\u0105czony twardy futera\u0142 chroni mini g\u0142o\u015bnik podczas transportu. Dzi\u0119ki wymiarom wynosz\u0105cym zaledwie 8,5 x 8,5 x 3 cm i wadze 260 gram\u00f3w idealnie pasuje do niemal ka\u017cdej torebki.<\/p>\n<h3>Zakres dostawy:<\/h3>\n<ul>\n<li>Mini g\u0142o\u015bnik z Bluetooth 5.0 (srebrny)<\/li>\n<li>Karta Micro SD 16 GB (nagrana z pozdrowieniami d\u017awi\u0119kowymi)<\/li>\n<li>Kabel \u0142aduj\u0105cy micro USB<\/li>\n<li>Kabel AUX<\/li>\n<li>Twarda obudowa<\/li>\n<li>Instrukcja obs\u0142ugi (wieloj\u0119zyczna)<\/li>\n<\/ul>\n","protected":false},"featured_media":16400,"template":"","meta":[],"product_brand":[],"product_cat":[195],"product_tag":[],"class_list":{"0":"post-16805","1":"product","2":"type-product","3":"status-publish","4":"has-post-thumbnail","6":"product_cat-akcesoria","7":"wcpa_has_options","9":"first","10":"instock","11":"taxable","12":"shipping-taxable","13":"purchasable","14":"product-type-simple"},"booking_location":null,"booking_location_type":null,"booking_duration":null,"booking_duration_unit":null,"booking_buffer":null,"booking_cost":null,"booking_resources":null,"wcpa_form_fields":{"wcpaData":{"product":{"product_price":200,"price_html":"<span class=\"woocommerce-Price-amount amount\"><bdi>200,00&nbsp;<span class=\"woocommerce-Price-currencySymbol\">&#122;&#322;<\/span><\/bdi><\/span>","original_product_price":200,"price_including_tax":200,"price_excluding_tax":168.06722700000000259024091064929962158203125,"product_id":{"parent":16805,"variation":false},"is_variable":false,"stock_status":"instock","stock_quantity":null,"parent_sku":"","product_attributes":[],"custom_fields":[],"is_taxable":true,"product_name":"Mini g\u0142o\u015bnik z Bluetooth i kart\u0105 Micro SD 16 GB","hasImage":false},"fields":{"sec_365303e489af58":{"extra":{"key":"sec_365303e489af58","section_id":"sec_365303e489af58","name":"Default","status":1,"cl_rule":"show","enableCl":false,"relations":[],"toggle":true,"title_tag":"h3","show_title":false,"showPrice":"default","form_id":17196,"form_rules":{"exclude_from_discount":false,"fee_label":"Geb\u00fchr","disp_hide_options_price":false,"disp_show_section_price":false,"disp_show_field_price":true,"layout_option":"standard","pric_use_as_fee":false,"process_fee_as":"woo_fee"},"layout_option":"standard"},"fields":[[{"active":true,"col":6,"relations":false,"cl_rule":"show","enableCl":false,"price":"","enablePrice":false,"className":"","label_position":"default","desc_position":"default","type":"select","required":true,"elementId":"select_6605056781","label":"Czy zamawiasz jednocze\u015bnie d\u017awi\u0119kow\u0105 ksi\u0119g\u0119 go\u015bci?","name":"select_6605056781","values":[{"label":"Wybierz","value":"bitte auswaehlen","selected":true,"tempId":"aco_405","gt_translate_keys":["label"]},{"label":"Tak","value":"ja","selected":false,"tempId":"aco_695","gt_translate_keys":["label"]},{"label":"Nie","value":"nein","selected":false,"tempId":"aco_696","gt_translate_keys":["label"]}],"dropdown_type":"basic","error":false,"placeholder":"","description":"","tooltip":"","gt_translate_keys":["label","placeholder","description","tooltip"],"price_dependency":false,"cl_dependency":["content_6087981165","number_7643661656","content_9194652161"],"value":""}],[{"active":true,"col":6,"relations":[{"operator":false,"rules":[{"operator":"AND","rules":{"cl_field":"select_6605056781","cl_relation":"is","cl_val":"ja"}}]}],"cl_rule":"show","enableCl":true,"price":"","enablePrice":false,"className":"","label_position":"default","desc_position":"default","type":"content","required":false,"elementId":"content_6087981165","label":"\u015awietnie!","name":"content_6087981165","contentType":"plain","value":"Nast\u0119pnie wystarczy doda\u0107 produkt do koszyka. Oszcz\u0119dzasz nawet na kosztach wysy\u0142ki!","error":false,"subtype":"p","hideFieldIn_cart":true,"hideFieldIn_order":true,"gt_translate_keys":["label","value"],"price_dependency":false,"cl_dependency":false}],[{"active":true,"col":6,"relations":[{"operator":false,"rules":[{"operator":"AND","rules":{"cl_field":"select_6605056781","cl_relation":"is","cl_val":"nein"}}]}],"cl_rule":"show","enableCl":true,"price":"","enablePrice":false,"className":"","label_position":"default","desc_position":"default","type":"number","required":true,"elementId":"number_7643661656","label":"Wprowad\u017a pi\u0119ciocyfrowy numer zam\u00f3wienia","name":"number_7643661656","value":"","error":false,"placeholder":"00000","gt_translate_keys":["label","placeholder","value"],"price_dependency":false,"cl_dependency":false}],[{"active":true,"col":6,"relations":[{"operator":false,"rules":[{"operator":"AND","rules":{"cl_field":"select_6605056781","cl_relation":"is","cl_val":"nein"}}]}],"cl_rule":"show","enableCl":true,"price":"","enablePrice":false,"className":"","label_position":"default","desc_position":"default","type":"content","required":false,"elementId":"content_9194652161","label":"Uwaga!","name":"content_9194652161","contentType":"plain","value":"Numer zam\u00f3wienia mo\u017cna znale\u017a\u0107 we wszystkich wiadomo\u015bciach e-mail, kt\u00f3re wys\u0142ali\u015bmy w zwi\u0105zku z zam\u00f3wieniem d\u017awi\u0119kowej ksi\u0119gi go\u015bci.","error":false,"subtype":"p","hideFieldIn_cart":true,"hideFieldIn_order":true,"gt_translate_keys":["label","value"],"price_dependency":false,"cl_dependency":false}]]}},"config":{"price_override":"","enable_recaptcha":false,"bind_quantity":false,"quantity_bind_formula":false,"disp_summ_show_option_price":true,"disp_summ_show_product_price":true,"disp_summ_show_total_price":true,"disp_summ_show_fee":false,"disp_summ_show_discount":false,"summary_title":"","options_total_label":"Optionspreis?","total_label":"Gesamt","options_product_label":"Produktpreis","fee_label":"Geb\u00fchr","discount_label":"Rabatt","has_price":true,"has_quantity_formula":false},"mc_unit":4.32000000000000028421709430404007434844970703125,"tax_rate":1,"tax_rate_real":0.190000000000000002220446049250313080847263336181640625,"discount":{"percentage":0,"fixed":0},"design":{"conf":{"LabelPosition":"above","DescPosition":"above","UploadField":"custom_1","QuantityFieldStyle":"default"},"css":{"LeftLabelWidth":"120px"}},"formulas":[],"lookuptables":[],"clones":false,"cartKey":false}},"publishpress_future_workflow_manual_trigger":{"enabledWorkflows":[]},"_links":{"self":[{"href":"https:\/\/telefon-mieten.de\/pl\/wp-json\/wp\/v2\/product\/16805","targetHints":{"allow":["GET"]}}],"collection":[{"href":"https:\/\/telefon-mieten.de\/pl\/wp-json\/wp\/v2\/product"}],"about":[{"href":"https:\/\/telefon-mieten.de\/pl\/wp-json\/wp\/v2\/types\/product"}],"version-history":[{"count":0,"href":"https:\/\/telefon-mieten.de\/pl\/wp-json\/wp\/v2\/product\/16805\/revisions"}],"wp:featuredmedia":[{"embeddable":true,"href":"https:\/\/telefon-mieten.de\/pl\/wp-json\/wp\/v2\/media\/16400"}],"wp:attachment":[{"href":"https:\/\/telefon-mieten.de\/pl\/wp-json\/wp\/v2\/media?parent=16805"}],"wp:term":[{"taxonomy":"product_brand","embeddable":true,"href":"https:\/\/telefon-mieten.de\/pl\/wp-json\/wp\/v2\/product_brand?post=16805"},{"taxonomy":"product_cat","embeddable":true,"href":"https:\/\/telefon-mieten.de\/pl\/wp-json\/wp\/v2\/product_cat?post=16805"},{"taxonomy":"product_tag","embeddable":true,"href":"https:\/\/telefon-mieten.de\/pl\/wp-json\/wp\/v2\/product_tag?post=16805"}],"curies":[{"name":"wp","href":"https:\/\/api.w.org\/{rel}","templated":true}]}}