{"id":16807,"date":"2023-03-01T15:20:26","date_gmt":"2023-03-01T14:20:26","guid":{"rendered":"https:\/\/audio-ksiega-gosci.pl\/wirtualna-dzwiekowa-ksiega-gosci\/"},"modified":"2024-10-04T16:37:18","modified_gmt":"2024-10-04T14:37:18","slug":"wirtualna-audio-ksiega-gosci","status":"publish","type":"product","link":"https:\/\/telefon-mieten.de\/pl\/wirtualna-audio-ksiega-gosci\/","title":{"rendered":"Wirtualna Audio Ksi\u0119ga Go\u015bci"},"content":{"rendered":"","protected":false},"excerpt":{"rendered":"<p>Chcesz otrzymywa\u0107 pozdrowienia od go\u015bci, kt\u00f3rzy nie mog\u0105 osobi\u015bcie uczestniczy\u0107 w Twoim wydarzeniu? W takim razie nasza &#8222;Wirtualna audio ksi\u0119ga go\u015bci&#8221; jest idealnym dodatkiem!<\/p>\n<p>Tworzymy dla Ciebie spersonalizowan\u0105 stron\u0119 internetow\u0105, na kt\u00f3rej go\u015bcie mog\u0105 z \u0142atwo\u015bci\u0105 zostawia\u0107 wiadomo\u015bci g\u0142osowe do zarezerwowanej d\u017awi\u0119kowej ksi\u0119gi go\u015bci.<\/p>\n<p>Strona zostanie aktywowana na jeden dzie\u0144 przed wydarzeniem i pozostanie online przez siedem kolejnych dni. W ten spos\u00f3b nawet go\u015bcie, kt\u00f3rzy nie korzystali z Retro Audio Guestbook podczas samego wydarzenia, maj\u0105 mo\u017cliwo\u015b\u0107 wys\u0142ania wiadomo\u015bci po jego zako\u0144czeniu.<\/p>\n<p>Formularz umo\u017cliwia przes\u0142anie zdj\u0119cia przedstawiaj\u0105cego Ciebie lub Twoj\u0105 osob\u0119. Obraz pojawi si\u0119 na spersonalizowanej stronie. Je\u015bli nie chcesz przesy\u0142a\u0107 zdj\u0119cia, zostanie wy\u015bwietlony obraz zarezerwowanej d\u017awi\u0119kowej ksi\u0119gi go\u015bci.<\/p>\n<p>Dane dost\u0119pu zostan\u0105 przes\u0142ane poczt\u0105 elektroniczn\u0105.<\/p>\n<p><em><strong>Uwaga:<\/strong> Indywidualne personalizacje s\u0105 dost\u0119pne na \u017cyczenie i za dodatkow\u0105 op\u0142at\u0105 za po\u015brednictwem <a href=\"\/pl\/kontakt\/\">formularza kontaktowego<\/a>.<\/em><\/p>\n<h3>Us\u0142ugi:<\/h3>\n<ul>\n<li>Utworzenie spersonalizowanej i chronionej has\u0142em strony wydarzenia<\/li>\n<li>Integracja przekazywanych pozdrowie\u0144 d\u017awi\u0119kowych jako indywidualnych nagra\u0144 i w og\u00f3lnej kompozycji<\/li>\n<\/ul>\n<h3>Ustaw personalizacj\u0119:<\/h3>\n","protected":false},"featured_media":17807,"template":"","meta":[],"product_brand":[],"product_cat":[195],"product_tag":[],"class_list":{"0":"post-16807","1":"product","2":"type-product","3":"status-publish","4":"has-post-thumbnail","6":"product_cat-akcesoria","7":"wcpa_has_options","9":"first","10":"instock","11":"sale","12":"virtual","13":"sold-individually","14":"taxable","15":"purchasable","16":"product-type-simple"},"booking_location":null,"booking_location_type":null,"booking_duration":null,"booking_duration_unit":null,"booking_buffer":null,"booking_cost":null,"booking_resources":null,"wcpa_form_fields":{"wcpaData":{"product":{"product_price":200,"price_html":"<del aria-hidden=\"true\"><span class=\"woocommerce-Price-amount amount\"><bdi>260,00&nbsp;<span class=\"woocommerce-Price-currencySymbol\">&#122;&#322;<\/span><\/bdi><\/span><\/del> <span class=\"screen-reader-text\">Pierwotna cena wynosi\u0142a: 260,00&nbsp;&#122;&#322;.<\/span><ins aria-hidden=\"true\"><span class=\"woocommerce-Price-amount amount\"><bdi>200,00&nbsp;<span class=\"woocommerce-Price-currencySymbol\">&#122;&#322;<\/span><\/bdi><\/span><\/ins><span class=\"screen-reader-text\">Aktualna cena wynosi: 200,00&nbsp;&#122;&#322;.<\/span>","original_product_price":260,"price_including_tax":200,"price_excluding_tax":168.06722700000000259024091064929962158203125,"product_id":{"parent":16807,"variation":false},"is_variable":false,"stock_status":"instock","stock_quantity":null,"parent_sku":"","product_attributes":[],"custom_fields":[],"is_taxable":true,"product_name":"Wirtualna Audio Ksi\u0119ga Go\u015bci","hasImage":false},"fields":{"sec_765362ada138b9":{"extra":{"key":"sec_765362ada138b9","section_id":"sec_765362ada138b9","name":"Default","status":1,"cl_rule":"show","enableCl":false,"relations":[],"toggle":true,"title_tag":"h3","show_title":false,"showPrice":"default","form_id":17896,"form_rules":{"exclude_from_discount":false,"fee_label":"Geb\u00fchr","disp_hide_options_price":false,"disp_show_section_price":false,"disp_show_field_price":true,"layout_option":"standard","pric_use_as_fee":false,"process_fee_as":"woo_fee"},"layout_option":"standard"},"fields":[[{"active":true,"col":6,"relations":false,"cl_rule":"show","enableCl":false,"price":"","enablePrice":false,"className":"","label_position":"default","desc_position":"default","type":"select","required":true,"elementId":"select_1065362ada138d8","label":"Czy zamawiasz jednocze\u015bnie d\u017awi\u0119kow\u0105 ksi\u0119g\u0119 go\u015bci?","name":"select_1065362ada138d8","values":[{"label":"Wybierz","value":"bitte auswaehlen","selected":true,"tempId":"aco_405","gt_translate_keys":["label"]},{"label":"Tak","value":"ja","selected":false,"tempId":"aco_695","gt_translate_keys":["label"]},{"label":"Nie","value":"nein","selected":false,"tempId":"aco_696","gt_translate_keys":["label"]}],"dropdown_type":"basic","error":false,"placeholder":"","description":"","tooltip":"","gt_translate_keys":["label","placeholder","description","tooltip"],"price_dependency":false,"cl_dependency":["content_965362ada138e0","number_765362ada138e6","content_165362ada138ea"],"value":""}],[{"active":true,"col":6,"relations":[{"operator":false,"rules":[{"operator":"AND","rules":{"cl_field":"select_1065362ada138d8","cl_relation":"is","cl_val":"ja"}}]}],"cl_rule":"show","enableCl":true,"price":"","enablePrice":false,"className":"","label_position":"default","desc_position":"default","type":"content","required":false,"elementId":"content_965362ada138e0","label":"\u015awietnie!","name":"content_965362ada138e0","contentType":"plain","value":"Nast\u0119pnie wystarczy doda\u0107 produkt do koszyka. Je\u015bli chcesz, mo\u017cesz przes\u0142a\u0107 osobiste zdj\u0119cie.","error":false,"subtype":"p","hideFieldIn_cart":true,"hideFieldIn_order":true,"gt_translate_keys":["label","value"],"price_dependency":false,"cl_dependency":false}],[{"active":true,"col":6,"relations":[{"operator":false,"rules":[{"operator":"AND","rules":{"cl_field":"select_1065362ada138d8","cl_relation":"is","cl_val":"nein"}}]}],"cl_rule":"show","enableCl":true,"price":"","enablePrice":false,"className":"","label_position":"default","desc_position":"default","type":"number","required":true,"elementId":"number_765362ada138e6","label":"Wprowad\u017a pi\u0119ciocyfrowy numer zam\u00f3wienia:","name":"number_765362ada138e6","value":"","error":false,"placeholder":"00000","gt_translate_keys":["label","placeholder","value"],"price_dependency":false,"cl_dependency":false}],[{"active":true,"col":6,"relations":[{"operator":false,"rules":[{"operator":"AND","rules":{"cl_field":"select_1065362ada138d8","cl_relation":"is","cl_val":"nein"}}]}],"cl_rule":"show","enableCl":true,"price":"","enablePrice":false,"className":"","label_position":"default","desc_position":"default","type":"content","required":false,"elementId":"content_165362ada138ea","label":"Uwaga!","name":"content_165362ada138ea","contentType":"plain","value":"Numer zam\u00f3wienia mo\u017cna znale\u017a\u0107 we wszystkich wiadomo\u015bciach e-mail, kt\u00f3re wys\u0142ali\u015bmy w zwi\u0105zku z zam\u00f3wieniem d\u017awi\u0119kowej ksi\u0119gi go\u015bci.","error":false,"subtype":"p","hideFieldIn_cart":true,"hideFieldIn_order":true,"gt_translate_keys":["label","value"],"price_dependency":false,"cl_dependency":false}],[{"active":true,"col":6,"relations":false,"cl_rule":"show","enableCl":false,"price":"","enablePrice":false,"className":"","label_position":"default","desc_position":"default","type":"select","required":true,"elementId":"select_8860793681","label":"Przes\u0142a\u0107 osobiste zdj\u0119cie?","name":"select_8860793681","values":[{"label":"Wybierz","value":"bittewaehlen","selected":false,"tempId":"aco_1314","gt_translate_keys":["label"]},{"label":"Tak","value":"ja","selected":false,"tempId":"aco_1315","gt_translate_keys":["label"]},{"label":"Nie","value":"nein","selected":false,"tempId":"aco_1316","gt_translate_keys":["label"]}],"dropdown_type":"basic","error":false,"gt_translate_keys":["label"],"price_dependency":false,"cl_dependency":["file_9519571488"],"value":""}],[{"active":true,"col":6,"relations":[{"operator":false,"rules":[{"operator":"AND","rules":{"cl_field":"select_8860793681","cl_relation":"is","cl_val":"ja"}}]}],"cl_rule":"show","enableCl":true,"price":"","enablePrice":false,"className":"","label_position":"default","desc_position":"default","type":"file","required":false,"elementId":"file_9519571488","name":"file_9519571488","label":"Przes\u0142a\u0107 osobiste zdj\u0119cie","upload_type":"droppable","uploadSize":"10","file_types":["images"],"error":false,"minUploadSize":"-2","allowedFileTypes":"image\/*","gt_translate_keys":["label"],"price_dependency":false,"cl_dependency":false,"value":""}]]}},"config":{"price_override":"","enable_recaptcha":false,"bind_quantity":false,"quantity_bind_formula":false,"disp_summ_show_option_price":true,"disp_summ_show_product_price":true,"disp_summ_show_total_price":true,"disp_summ_show_fee":false,"disp_summ_show_discount":false,"summary_title":"","options_total_label":"Optionspreis?","total_label":"Gesamt","options_product_label":"Produktpreis","fee_label":"Geb\u00fchr","discount_label":"Rabatt","has_price":true,"has_quantity_formula":false},"mc_unit":4.32000000000000028421709430404007434844970703125,"tax_rate":1,"tax_rate_real":0.190000000000000002220446049250313080847263336181640625,"discount":{"percentage":0,"fixed":0},"design":{"conf":{"LabelPosition":"above","DescPosition":"above","UploadField":"custom_1","QuantityFieldStyle":"default"},"css":{"LeftLabelWidth":"120px"}},"formulas":[],"lookuptables":[],"clones":false,"cartKey":false}},"publishpress_future_workflow_manual_trigger":{"enabledWorkflows":[]},"_links":{"self":[{"href":"https:\/\/telefon-mieten.de\/pl\/wp-json\/wp\/v2\/product\/16807","targetHints":{"allow":["GET"]}}],"collection":[{"href":"https:\/\/telefon-mieten.de\/pl\/wp-json\/wp\/v2\/product"}],"about":[{"href":"https:\/\/telefon-mieten.de\/pl\/wp-json\/wp\/v2\/types\/product"}],"version-history":[{"count":0,"href":"https:\/\/telefon-mieten.de\/pl\/wp-json\/wp\/v2\/product\/16807\/revisions"}],"wp:featuredmedia":[{"embeddable":true,"href":"https:\/\/telefon-mieten.de\/pl\/wp-json\/wp\/v2\/media\/17807"}],"wp:attachment":[{"href":"https:\/\/telefon-mieten.de\/pl\/wp-json\/wp\/v2\/media?parent=16807"}],"wp:term":[{"taxonomy":"product_brand","embeddable":true,"href":"https:\/\/telefon-mieten.de\/pl\/wp-json\/wp\/v2\/product_brand?post=16807"},{"taxonomy":"product_cat","embeddable":true,"href":"https:\/\/telefon-mieten.de\/pl\/wp-json\/wp\/v2\/product_cat?post=16807"},{"taxonomy":"product_tag","embeddable":true,"href":"https:\/\/telefon-mieten.de\/pl\/wp-json\/wp\/v2\/product_tag?post=16807"}],"curies":[{"name":"wp","href":"https:\/\/api.w.org\/{rel}","templated":true}]}}