{"id":16809,"date":"2023-02-16T22:12:38","date_gmt":"2023-02-16T21:12:38","guid":{"rendered":"https:\/\/audio-ksiega-gosci.pl\/spersonalizowana-plyta-audio-cd\/"},"modified":"2024-10-04T16:37:18","modified_gmt":"2024-10-04T14:37:18","slug":"spersonalizowane-audio-cd","status":"publish","type":"product","link":"https:\/\/telefon-mieten.de\/pl\/spersonalizowane-audio-cd\/","title":{"rendered":"Spersonalizowana p\u0142yta audio CD"},"content":{"rendered":"","protected":false},"excerpt":{"rendered":"<p>Nagrywamy og\u00f3ln\u0105 kompozycj\u0119 pozdrowie\u0144 d\u017awi\u0119kowych na zindywidualizowan\u0105 p\u0142yt\u0119 audio CD. Kompozycja jest podzielona na poszczeg\u00f3lne utwory. W ten spos\u00f3b mo\u017cna szybko uzyska\u0107 dost\u0119p do ulubionych uj\u0119\u0107. Otrzymasz r\u00f3wnie\u017c spersonalizowan\u0105 ok\u0142adk\u0119 i nadrukowan\u0105 ok\u0142adk\u0119 na p\u0142yt\u0119 CD w pude\u0142ku z klejnotami.<\/p>\n<p>Projekt zawiera odpowiedni\u0105 d\u017awi\u0119kow\u0105 ksi\u0119g\u0119 go\u015bci w stylu retro, kt\u00f3ra zosta\u0142a u\u017cyta na weselu, urodzinach lub innym wydarzeniu.<\/p>\n<p><strong>Uwaga:<\/strong> <em>P\u0142yty Audio CD s\u0105 technicznie ograniczone do 99 utwor\u00f3w i maksymalnie 80 minut odtwarzania! Je\u015bli nagranych zostanie wi\u0119cej wiadomo\u015bci g\u0142osowych, skontaktujemy si\u0119 z Tob\u0105 i poprosimy o wybranie do 97 \u015bcie\u017cek lub maksymalnie 78 minut powita\u0144 d\u017awi\u0119kowych. Alternatywnie oferujemy r\u00f3wnie\u017c zakup dodatkowych p\u0142yt audio CD.<\/em><\/p>\n<h3>Zakres dostawy:<\/h3>\n<ul>\n<li>Gotowa p\u0142yta audio CD z etui na klejnoty<\/li>\n<\/ul>\n<h3>Us\u0142ugi:<\/h3>\n<ul>\n<li>Personalizacja i nadruk ok\u0142adki, r\u0119kawa i etykiety p\u0142yty CD<\/li>\n<li>Nagrywanie ca\u0142ej kompozycji z podzia\u0142em na poszczeg\u00f3lne \u015bcie\u017cki audio<\/li>\n<\/ul>\n<h3>Ustaw personalizacj\u0119:<\/h3>\n","protected":false},"featured_media":17530,"template":"","meta":[],"product_brand":[],"product_cat":[195],"product_tag":[],"class_list":{"0":"post-16809","1":"product","2":"type-product","3":"status-publish","4":"has-post-thumbnail","6":"product_cat-akcesoria","7":"wcpa_has_options","9":"first","10":"instock","11":"sale","12":"taxable","13":"shipping-taxable","14":"purchasable","15":"product-type-simple"},"booking_location":null,"booking_location_type":null,"booking_duration":null,"booking_duration_unit":null,"booking_buffer":null,"booking_cost":null,"booking_resources":null,"wcpa_form_fields":{"wcpaData":{"product":{"product_price":170,"price_html":"<del aria-hidden=\"true\"><span class=\"woocommerce-Price-amount amount\"><bdi>200,00&nbsp;<span class=\"woocommerce-Price-currencySymbol\">&#122;&#322;<\/span><\/bdi><\/span><\/del> <span class=\"screen-reader-text\">Pierwotna cena wynosi\u0142a: 200,00&nbsp;&#122;&#322;.<\/span><ins aria-hidden=\"true\"><span class=\"woocommerce-Price-amount amount\"><bdi>170,00&nbsp;<span class=\"woocommerce-Price-currencySymbol\">&#122;&#322;<\/span><\/bdi><\/span><\/ins><span class=\"screen-reader-text\">Aktualna cena wynosi: 170,00&nbsp;&#122;&#322;.<\/span>","original_product_price":200,"price_including_tax":170,"price_excluding_tax":142.85714300000000775980879552662372589111328125,"product_id":{"parent":16809,"variation":false},"is_variable":false,"stock_status":"instock","stock_quantity":null,"parent_sku":"","product_attributes":[],"custom_fields":[],"is_taxable":true,"product_name":"Spersonalizowana p\u0142yta audio CD","hasImage":false},"fields":{"sec_10653617b601e5a":{"extra":{"key":"sec_10653617b601e5a","section_id":"sec_10653617b601e5a","name":"Default","status":1,"cl_rule":"show","enableCl":false,"relations":[],"toggle":true,"title_tag":"h3","show_title":false,"showPrice":"default","form_id":17887,"form_rules":{"exclude_from_discount":false,"fee_label":"Geb\u00fchr","disp_hide_options_price":false,"disp_show_section_price":false,"disp_show_field_price":true,"layout_option":"standard","pric_use_as_fee":false,"process_fee_as":"woo_fee"},"layout_option":"standard"},"fields":[[{"active":true,"col":6,"relations":false,"cl_rule":"show","enableCl":false,"price":"","enablePrice":false,"className":"","label_position":"default","desc_position":"default","type":"select","required":true,"elementId":"select_10653617b601e8b","label":"Czy zamawiasz jednocze\u015bnie d\u017awi\u0119kow\u0105 ksi\u0119g\u0119 go\u015bci?","name":"select_10653617b601e8b","values":[{"label":"Wybierz","value":"bitte auswaehlen","selected":true,"tempId":"aco_405","gt_translate_keys":["label"]},{"label":"Tak","value":"ja","selected":false,"tempId":"aco_695","gt_translate_keys":["label"]},{"label":"Nie","value":"nein","selected":false,"tempId":"aco_696","gt_translate_keys":["label"]}],"dropdown_type":"basic","error":false,"placeholder":"","description":"","tooltip":"","gt_translate_keys":["label","placeholder","description","tooltip"],"price_dependency":false,"cl_dependency":["content_6653617b601ea4","number_4653617b601eb6","content_7653617b601ec5"],"value":""}],[{"active":true,"col":6,"relations":[{"operator":false,"rules":[{"operator":"AND","rules":{"cl_field":"select_10653617b601e8b","cl_relation":"is","cl_val":"ja"}}]}],"cl_rule":"show","enableCl":true,"price":"","enablePrice":false,"className":"","label_position":"default","desc_position":"default","type":"content","required":false,"elementId":"content_6653617b601ea4","label":"\u015awietnie!","name":"content_6653617b601ea4","contentType":"plain","value":"Nast\u0119pnie wystarczy doda\u0107 produkt do koszyka. Oszcz\u0119dzasz nawet na kosztach wysy\u0142ki! Gdy chcesz, mo\u017cesz doda\u0107 osobiste po\u015bwi\u0119cenie.","error":false,"subtype":"p","hideFieldIn_cart":true,"hideFieldIn_order":true,"gt_translate_keys":["label","value"],"price_dependency":false,"cl_dependency":false}],[{"active":true,"col":6,"relations":[{"operator":false,"rules":[{"operator":"AND","rules":{"cl_field":"select_10653617b601e8b","cl_relation":"is","cl_val":"nein"}}]}],"cl_rule":"show","enableCl":true,"price":"","enablePrice":false,"className":"","label_position":"default","desc_position":"default","type":"number","required":true,"elementId":"number_4653617b601eb6","label":"Wprowad\u017a pi\u0119ciocyfrowy numer zam\u00f3wienia","name":"number_4653617b601eb6","value":"","error":false,"gt_translate_keys":["label","value"],"price_dependency":false,"cl_dependency":false}],[{"active":true,"col":6,"relations":[{"operator":false,"rules":[{"operator":"AND","rules":{"cl_field":"select_10653617b601e8b","cl_relation":"is","cl_val":"nein"}}]}],"cl_rule":"show","enableCl":true,"price":"","enablePrice":false,"className":"","label_position":"default","desc_position":"default","type":"content","required":false,"elementId":"content_7653617b601ec5","label":"Uwaga!","name":"content_7653617b601ec5","contentType":"plain","value":"Numer zam\u00f3wienia mo\u017cna znale\u017a\u0107 we wszystkich wiadomo\u015bciach e-mail, kt\u00f3re wys\u0142ali\u015bmy w zwi\u0105zku z zam\u00f3wieniem d\u017awi\u0119kowej ksi\u0119gi go\u015bci.","error":false,"subtype":"p","hideFieldIn_cart":true,"hideFieldIn_order":true,"gt_translate_keys":["label","value"],"price_dependency":false,"cl_dependency":false}],[{"active":true,"col":6,"relations":false,"cl_rule":"show","enableCl":false,"price":"","enablePrice":false,"className":"","label_position":"default","desc_position":"default","type":"select","required":false,"elementId":"select_0439717539","label":"Aby doda\u0107 osobiste po\u015bwi\u0119cenie na wewn\u0119trznej stronie ok\u0142adki p\u0142yty CD?","name":"select_0439717539","values":[{"label":"Wybierz","value":"bittewaehlen","selected":false,"tempId":"aco_42","gt_translate_keys":["label"]},{"label":"Tak","value":"ja","selected":false,"tempId":"aco_43","gt_translate_keys":["label"]},{"label":"Nie","value":"nein","selected":false,"tempId":"aco_44","gt_translate_keys":["label"]}],"dropdown_type":"basic","error":false,"gt_translate_keys":["label"],"price_dependency":false,"cl_dependency":["textarea_4070137351"],"value":""}],[{"active":true,"col":6,"relations":[{"operator":false,"rules":[{"operator":"AND","rules":{"cl_field":"select_0439717539","cl_relation":"is","cl_val":"ja"}}]}],"cl_rule":"show","enableCl":true,"price":"","enablePrice":false,"className":"","label_position":"default","desc_position":"default","type":"textarea","required":false,"elementId":"textarea_4070137351","label":"Tutaj jest miejsce na Twoje po\u015bwi\u0119cenie (do 500 znak\u00f3w).","name":"textarea_4070137351","value":"","rows":"2","error":false,"maxlength":"500","maxlengthError":"Dozwolone jest do 500 znak\u00f3w.","gt_translate_keys":["label","value","maxlengthError"],"price_dependency":false,"cl_dependency":false}]]}},"config":{"price_override":"","enable_recaptcha":false,"bind_quantity":false,"quantity_bind_formula":false,"disp_summ_show_option_price":true,"disp_summ_show_product_price":true,"disp_summ_show_total_price":true,"disp_summ_show_fee":false,"disp_summ_show_discount":false,"summary_title":"","options_total_label":"Optionspreis?","total_label":"Gesamt","options_product_label":"Produktpreis","fee_label":"Geb\u00fchr","discount_label":"Rabatt","has_price":true,"has_quantity_formula":false},"mc_unit":4.32000000000000028421709430404007434844970703125,"tax_rate":1,"tax_rate_real":0.190000000000000002220446049250313080847263336181640625,"discount":{"percentage":0,"fixed":0},"design":{"conf":{"LabelPosition":"above","DescPosition":"above","UploadField":"custom_1","QuantityFieldStyle":"default"},"css":{"LeftLabelWidth":"120px"}},"formulas":[],"lookuptables":[],"clones":false,"cartKey":false}},"publishpress_future_workflow_manual_trigger":{"enabledWorkflows":[]},"_links":{"self":[{"href":"https:\/\/telefon-mieten.de\/pl\/wp-json\/wp\/v2\/product\/16809","targetHints":{"allow":["GET"]}}],"collection":[{"href":"https:\/\/telefon-mieten.de\/pl\/wp-json\/wp\/v2\/product"}],"about":[{"href":"https:\/\/telefon-mieten.de\/pl\/wp-json\/wp\/v2\/types\/product"}],"version-history":[{"count":0,"href":"https:\/\/telefon-mieten.de\/pl\/wp-json\/wp\/v2\/product\/16809\/revisions"}],"wp:featuredmedia":[{"embeddable":true,"href":"https:\/\/telefon-mieten.de\/pl\/wp-json\/wp\/v2\/media\/17530"}],"wp:attachment":[{"href":"https:\/\/telefon-mieten.de\/pl\/wp-json\/wp\/v2\/media?parent=16809"}],"wp:term":[{"taxonomy":"product_brand","embeddable":true,"href":"https:\/\/telefon-mieten.de\/pl\/wp-json\/wp\/v2\/product_brand?post=16809"},{"taxonomy":"product_cat","embeddable":true,"href":"https:\/\/telefon-mieten.de\/pl\/wp-json\/wp\/v2\/product_cat?post=16809"},{"taxonomy":"product_tag","embeddable":true,"href":"https:\/\/telefon-mieten.de\/pl\/wp-json\/wp\/v2\/product_tag?post=16809"}],"curies":[{"name":"wp","href":"https:\/\/api.w.org\/{rel}","templated":true}]}}