{"id":16811,"date":"2022-11-01T11:02:45","date_gmt":"2022-11-01T10:02:45","guid":{"rendered":"https:\/\/audio-ksiega-gosci.pl\/spersonalizowana-pamiec-usb\/"},"modified":"2024-10-04T16:37:19","modified_gmt":"2024-10-04T14:37:19","slug":"spersonalizowana-pamiec-usb","status":"publish","type":"product","link":"https:\/\/telefon-mieten.de\/pl\/spersonalizowana-pamiec-usb\/","title":{"rendered":"Spersonalizowana pami\u0119\u0107 USB"},"content":{"rendered":"","protected":false},"excerpt":{"rendered":"<p>Zebrane \u017cyczenia audio s\u0105 przechowywane na eleganckiej pami\u0119ci USB z pasuj\u0105cym drewnianym pude\u0142kiem. Grawer na pami\u0119ci zawiera imiona + ikon\u0119 &#8222;obr\u0105czek&#8221; w przypadku \u015blub\u00f3w oraz imiona i dat\u0119 urodzenia lub wydarzenia + ikon\u0119 &#8222;tortu ze \u015bwieczkami&#8221; w przypadku urodzin. Personalizacja jest okre\u015blana podczas rezerwacji d\u017awi\u0119kowej ksi\u0119gi go\u015bci. Logo &#8222;telefon-mieten.de&#8221; jest laserowo naniesione na drewniane pude\u0142ko.<\/p>\n<p><em><strong>Uwaga:<\/strong> Mo\u017cliwe indywidualne grawerunki laserowe s\u0105 dost\u0119pne na \u017cyczenie za po\u015brednictwem <a href=\"https:\/\/telefon-mieten.de\/kontakt\/\">formularza kontaktowego<\/a>. <\/em><\/p>\n<h3>Zakres dostawy:<\/h3>\n<ul>\n<li>Grawerowana pami\u0119\u0107 USB i drewniane pude\u0142ko<\/li>\n<li>Rozmiar pami\u0119ci USB: d\u0142ugo\u015b\u0107 60 mm, szeroko\u015b\u0107 28 mm, grubo\u015b\u0107 10 mm<\/li>\n<li>Rozmiar drewnianego pude\u0142ka: D\u0142ugo\u015b\u0107 81 mm, szeroko\u015b\u0107 53 mm, grubo\u015b\u0107 20 mm<\/li>\n<li>Interfejs\/pojemno\u015b\u0107: USB 3.0\/8GB<\/li>\n<\/ul>\n<h3>Us\u0142ugi:<\/h3>\n<ul>\n<li>Personalizacja i grawerowanie pami\u0119ci USB i drewnianego pude\u0142ka<\/li>\n<\/ul>\n<h3>Ustaw personalizacj\u0119:<\/h3>\n","protected":false},"featured_media":16226,"template":"","meta":[],"product_brand":[],"product_cat":[195],"product_tag":[],"class_list":{"0":"post-16811","1":"product","2":"type-product","3":"status-publish","4":"has-post-thumbnail","6":"product_cat-akcesoria","7":"wcpa_has_options","9":"first","10":"instock","11":"sale","12":"taxable","13":"shipping-taxable","14":"purchasable","15":"product-type-simple"},"booking_location":null,"booking_location_type":null,"booking_duration":null,"booking_duration_unit":null,"booking_buffer":null,"booking_cost":null,"booking_resources":null,"wcpa_form_fields":{"wcpaData":{"product":{"product_price":300,"price_html":"<del aria-hidden=\"true\"><span class=\"woocommerce-Price-amount amount\"><bdi>350,00&nbsp;<span class=\"woocommerce-Price-currencySymbol\">&#122;&#322;<\/span><\/bdi><\/span><\/del> <span class=\"screen-reader-text\">Pierwotna cena wynosi\u0142a: 350,00&nbsp;&#122;&#322;.<\/span><ins aria-hidden=\"true\"><span class=\"woocommerce-Price-amount amount\"><bdi>300,00&nbsp;<span class=\"woocommerce-Price-currencySymbol\">&#122;&#322;<\/span><\/bdi><\/span><\/ins><span class=\"screen-reader-text\">Aktualna cena wynosi: 300,00&nbsp;&#122;&#322;.<\/span>","original_product_price":350,"price_including_tax":300,"price_excluding_tax":252.10084000000000514774001203477382659912109375,"product_id":{"parent":16811,"variation":false},"is_variable":false,"stock_status":"instock","stock_quantity":null,"parent_sku":"","product_attributes":[],"custom_fields":[],"is_taxable":true,"product_name":"Spersonalizowana pami\u0119\u0107 USB","hasImage":false},"fields":{"sec_365303e489af58":{"extra":{"key":"sec_365303e489af58","section_id":"sec_365303e489af58","name":"Default","status":1,"cl_rule":"show","enableCl":false,"relations":[],"toggle":true,"title_tag":"h3","show_title":false,"showPrice":"default","form_id":17196,"form_rules":{"exclude_from_discount":false,"fee_label":"Geb\u00fchr","disp_hide_options_price":false,"disp_show_section_price":false,"disp_show_field_price":true,"layout_option":"standard","pric_use_as_fee":false,"process_fee_as":"woo_fee"},"layout_option":"standard"},"fields":[[{"active":true,"col":6,"relations":false,"cl_rule":"show","enableCl":false,"price":"","enablePrice":false,"className":"","label_position":"default","desc_position":"default","type":"select","required":true,"elementId":"select_6605056781","label":"Czy zamawiasz jednocze\u015bnie d\u017awi\u0119kow\u0105 ksi\u0119g\u0119 go\u015bci?","name":"select_6605056781","values":[{"label":"Wybierz","value":"bitte auswaehlen","selected":true,"tempId":"aco_405","gt_translate_keys":["label"]},{"label":"Tak","value":"ja","selected":false,"tempId":"aco_695","gt_translate_keys":["label"]},{"label":"Nie","value":"nein","selected":false,"tempId":"aco_696","gt_translate_keys":["label"]}],"dropdown_type":"basic","error":false,"placeholder":"","description":"","tooltip":"","gt_translate_keys":["label","placeholder","description","tooltip"],"price_dependency":false,"cl_dependency":["content_6087981165","number_7643661656","content_9194652161"],"value":""}],[{"active":true,"col":6,"relations":[{"operator":false,"rules":[{"operator":"AND","rules":{"cl_field":"select_6605056781","cl_relation":"is","cl_val":"ja"}}]}],"cl_rule":"show","enableCl":true,"price":"","enablePrice":false,"className":"","label_position":"default","desc_position":"default","type":"content","required":false,"elementId":"content_6087981165","label":"\u015awietnie!","name":"content_6087981165","contentType":"plain","value":"Nast\u0119pnie wystarczy doda\u0107 produkt do koszyka. Oszcz\u0119dzasz nawet na kosztach wysy\u0142ki!","error":false,"subtype":"p","hideFieldIn_cart":true,"hideFieldIn_order":true,"gt_translate_keys":["label","value"],"price_dependency":false,"cl_dependency":false}],[{"active":true,"col":6,"relations":[{"operator":false,"rules":[{"operator":"AND","rules":{"cl_field":"select_6605056781","cl_relation":"is","cl_val":"nein"}}]}],"cl_rule":"show","enableCl":true,"price":"","enablePrice":false,"className":"","label_position":"default","desc_position":"default","type":"number","required":true,"elementId":"number_7643661656","label":"Wprowad\u017a pi\u0119ciocyfrowy numer zam\u00f3wienia","name":"number_7643661656","value":"","error":false,"placeholder":"00000","gt_translate_keys":["label","placeholder","value"],"price_dependency":false,"cl_dependency":false}],[{"active":true,"col":6,"relations":[{"operator":false,"rules":[{"operator":"AND","rules":{"cl_field":"select_6605056781","cl_relation":"is","cl_val":"nein"}}]}],"cl_rule":"show","enableCl":true,"price":"","enablePrice":false,"className":"","label_position":"default","desc_position":"default","type":"content","required":false,"elementId":"content_9194652161","label":"Uwaga!","name":"content_9194652161","contentType":"plain","value":"Numer zam\u00f3wienia mo\u017cna znale\u017a\u0107 we wszystkich wiadomo\u015bciach e-mail, kt\u00f3re wys\u0142ali\u015bmy w zwi\u0105zku z zam\u00f3wieniem d\u017awi\u0119kowej ksi\u0119gi go\u015bci.","error":false,"subtype":"p","hideFieldIn_cart":true,"hideFieldIn_order":true,"gt_translate_keys":["label","value"],"price_dependency":false,"cl_dependency":false}]]}},"config":{"price_override":"","enable_recaptcha":false,"bind_quantity":false,"quantity_bind_formula":false,"disp_summ_show_option_price":true,"disp_summ_show_product_price":true,"disp_summ_show_total_price":true,"disp_summ_show_fee":false,"disp_summ_show_discount":false,"summary_title":"","options_total_label":"Optionspreis?","total_label":"Gesamt","options_product_label":"Produktpreis","fee_label":"Geb\u00fchr","discount_label":"Rabatt","has_price":true,"has_quantity_formula":false},"mc_unit":4.32000000000000028421709430404007434844970703125,"tax_rate":1,"tax_rate_real":0.190000000000000002220446049250313080847263336181640625,"discount":{"percentage":0,"fixed":0},"design":{"conf":{"LabelPosition":"above","DescPosition":"above","UploadField":"custom_1","QuantityFieldStyle":"default"},"css":{"LeftLabelWidth":"120px"}},"formulas":[],"lookuptables":[],"clones":false,"cartKey":false}},"publishpress_future_workflow_manual_trigger":{"enabledWorkflows":[]},"_links":{"self":[{"href":"https:\/\/telefon-mieten.de\/pl\/wp-json\/wp\/v2\/product\/16811","targetHints":{"allow":["GET"]}}],"collection":[{"href":"https:\/\/telefon-mieten.de\/pl\/wp-json\/wp\/v2\/product"}],"about":[{"href":"https:\/\/telefon-mieten.de\/pl\/wp-json\/wp\/v2\/types\/product"}],"version-history":[{"count":0,"href":"https:\/\/telefon-mieten.de\/pl\/wp-json\/wp\/v2\/product\/16811\/revisions"}],"wp:featuredmedia":[{"embeddable":true,"href":"https:\/\/telefon-mieten.de\/pl\/wp-json\/wp\/v2\/media\/16226"}],"wp:attachment":[{"href":"https:\/\/telefon-mieten.de\/pl\/wp-json\/wp\/v2\/media?parent=16811"}],"wp:term":[{"taxonomy":"product_brand","embeddable":true,"href":"https:\/\/telefon-mieten.de\/pl\/wp-json\/wp\/v2\/product_brand?post=16811"},{"taxonomy":"product_cat","embeddable":true,"href":"https:\/\/telefon-mieten.de\/pl\/wp-json\/wp\/v2\/product_cat?post=16811"},{"taxonomy":"product_tag","embeddable":true,"href":"https:\/\/telefon-mieten.de\/pl\/wp-json\/wp\/v2\/product_tag?post=16811"}],"curies":[{"name":"wp","href":"https:\/\/api.w.org\/{rel}","templated":true}]}}