{"id":17232,"date":"2023-03-24T17:17:34","date_gmt":"2023-03-24T16:17:34","guid":{"rendered":"https:\/\/audio-ksiega-gosci.pl\/spersonalizowany-zapis\/"},"modified":"2024-10-04T16:37:18","modified_gmt":"2024-10-04T14:37:18","slug":"spersonalizowana-plyta-winylowa","status":"publish","type":"product","link":"https:\/\/telefon-mieten.de\/pl\/spersonalizowana-plyta-winylowa\/","title":{"rendered":"Spersonalizowana p\u0142yta winylowa"},"content":{"rendered":"","protected":false},"excerpt":{"rendered":"<p>Przekazane pozdrowienia d\u017awi\u0119kowe t\u0142oczymy jako wyj\u0105tkow\u0105 pami\u0105tk\u0119 na spersonalizowanej p\u0142ycie winylowej. Retro Audio Guest Book jest nadrukowana na ok\u0142adce i etykiecie p\u0142yty, aby zachowa\u0107 wyb\u00f3r na zawsze w pami\u0119ci. Mo\u017cesz dostosowa\u0107 wygl\u0105d obu komponent\u00f3w za pomoc\u0105 naszego formularza. Ze wzgl\u0119du na wytrzyma\u0142o\u015b\u0107 p\u0142yt, pozdrowienia d\u017awi\u0119kowe pozostan\u0105 dobrze zachowane nawet po latach u\u017cytkowania. Ciep\u0142a, naturalna jako\u015b\u0107 d\u017awi\u0119ku p\u0142yty jest doceniana przez wielu audiofil\u00f3w i nadaje komunikatom g\u0142osowym szczeg\u00f3lnego uroku. P\u0142yta winylowa jest idealnym no\u015bnikiem do ponownego prze\u017cycia wyj\u0105tkowego wydarzenia, takiego jak \u015blub, urodziny lub inne wydarzenie. W ten spos\u00f3b ty lub twoje dzieci b\u0119dziecie mogli zapami\u0119ta\u0107 ten wyj\u0105tkowy moment na d\u0142ugi czas.  <strong>Uwaga:<\/strong> <em>Maksymalny czas odtwarzania p\u0142yt wynosi 20 minut na stron\u0119! Je\u015bli nagranych zostanie wi\u0119cej wiadomo\u015bci g\u0142osowych, skontaktujemy si\u0119 z Tob\u0105 i poprosimy o wybranie maksymalnie 38 minut. Alternatywnie oferujemy r\u00f3wnie\u017c zakup dodatkowych p\u0142yt.<\/em><\/p>\n<p><em>Indywidualne personalizacje s\u0105 dost\u0119pne na \u017cyczenie i za dodatkow\u0105 op\u0142at\u0105 za po\u015brednictwem <a href=\"https:\/\/telefon-mieten.de\/kontakt\/\">formularza kontaktowego<\/a>.<\/em><\/p>\n<h3>Zakres dostawy:<\/h3>\n<ul>\n<li>Gotowa p\u0142yta winylowa 12&#8243; z projektem ok\u0142adki<\/li>\n<\/ul>\n<h3>Us\u0142ugi:<\/h3>\n<ul>\n<li>Personalizacja i drukowanie ok\u0142adki i etykiety<\/li>\n<li>T\u0142oczenie ca\u0142ej kompozycji na winylu<\/li>\n<\/ul>\n<h3>Ustaw personalizacj\u0119:<\/h3>\n","protected":false},"featured_media":17536,"template":"","meta":[],"product_brand":[],"product_cat":[195],"product_tag":[],"class_list":{"0":"post-17232","1":"product","2":"type-product","3":"status-publish","4":"has-post-thumbnail","6":"product_cat-akcesoria","7":"wcpa_has_options","9":"first","10":"instock","11":"sale","12":"taxable","13":"shipping-taxable","14":"purchasable","15":"product-type-simple"},"booking_location":null,"booking_location_type":null,"booking_duration":null,"booking_duration_unit":null,"booking_buffer":null,"booking_cost":null,"booking_resources":null,"wcpa_form_fields":{"wcpaData":{"product":{"product_price":740,"price_html":"<del aria-hidden=\"true\"><span class=\"woocommerce-Price-amount amount\"><bdi>840,00&nbsp;<span class=\"woocommerce-Price-currencySymbol\">&#122;&#322;<\/span><\/bdi><\/span><\/del> <span class=\"screen-reader-text\">Pierwotna cena wynosi\u0142a: 840,00&nbsp;&#122;&#322;.<\/span><ins aria-hidden=\"true\"><span class=\"woocommerce-Price-amount amount\"><bdi>740,00&nbsp;<span class=\"woocommerce-Price-currencySymbol\">&#122;&#322;<\/span><\/bdi><\/span><\/ins><span class=\"screen-reader-text\">Aktualna cena wynosi: 740,00&nbsp;&#122;&#322;.<\/span>","original_product_price":840,"price_including_tax":740,"price_excluding_tax":621.8487390000000232248567044734954833984375,"product_id":{"parent":17232,"variation":false},"is_variable":false,"stock_status":"instock","stock_quantity":null,"parent_sku":"","product_attributes":[],"custom_fields":[],"is_taxable":true,"product_name":"Spersonalizowana p\u0142yta winylowa","hasImage":false},"fields":{"sec_665b1709c06a9e":{"extra":{"key":"sec_665b1709c06a9e","section_id":"sec_665b1709c06a9e","name":"Default","status":1,"cl_rule":"show","enableCl":false,"relations":[],"toggle":true,"title_tag":"h3","show_title":false,"showPrice":"default","form_id":20661,"form_rules":{"exclude_from_discount":false,"fee_label":"Geb\u00fchr","disp_hide_options_price":false,"disp_show_section_price":false,"disp_show_field_price":true,"layout_option":"standard","pric_use_as_fee":false,"process_fee_as":"woo_fee"},"layout_option":"standard"},"fields":[[{"active":true,"col":6,"relations":false,"cl_rule":"show","enableCl":false,"price":"","enablePrice":false,"className":"","label_position":"default","desc_position":"default","type":"select","required":true,"elementId":"select_965b1709c06abc","label":"Czy zamawiasz jednocze\u015bnie d\u017awi\u0119kow\u0105 ksi\u0119g\u0119 go\u015bci?","name":"select_965b1709c06abc","values":[{"label":"Wybierz","value":"bitte auswaehlen","selected":true,"tempId":"aco_405","gt_translate_keys":["label"]},{"label":"Tak","value":"ja","selected":false,"tempId":"aco_695","gt_translate_keys":["label"]},{"label":"Nie","value":"nein","selected":false,"tempId":"aco_696","gt_translate_keys":["label"]}],"dropdown_type":"basic","error":false,"placeholder":"","description":"","tooltip":"","gt_translate_keys":["label","placeholder","description","tooltip"],"price_dependency":false,"cl_dependency":["content_665b1709c06ac7","number_865b1709c06ace","content_065b1709c06ad5"],"value":""}],[{"active":true,"col":6,"relations":[{"operator":false,"rules":[{"operator":"AND","rules":{"cl_field":"select_965b1709c06abc","cl_relation":"is","cl_val":"ja"}}]}],"cl_rule":"show","enableCl":true,"price":"","enablePrice":false,"className":"","label_position":"default","desc_position":"default","type":"content","required":false,"elementId":"content_665b1709c06ac7","label":"\u015awietnie!","name":"content_665b1709c06ac7","contentType":"plain","value":"Dodaj produkt do koszyka. Je\u015bli chcesz, mo\u017cesz tak\u017ce przes\u0142a\u0107 zdj\u0119cia na kola\u017c na odwrocie ok\u0142adki p\u0142yty. Przed produkcj\u0105 prze\u015blemy Ci projekt do zatwierdzenia kola\u017cu.","error":false,"subtype":"p","hideFieldIn_cart":true,"hideFieldIn_order":true,"gt_translate_keys":["label","value"],"price_dependency":false,"cl_dependency":false}],[{"active":true,"col":6,"relations":[{"operator":false,"rules":[{"operator":"AND","rules":{"cl_field":"select_965b1709c06abc","cl_relation":"is","cl_val":"nein"}}]}],"cl_rule":"show","enableCl":true,"price":"","enablePrice":false,"className":"","label_position":"default","desc_position":"default","type":"number","required":true,"elementId":"number_865b1709c06ace","label":"Wprowad\u017a pi\u0119ciocyfrowy numer zam\u00f3wienia:","name":"number_865b1709c06ace","value":"","error":false,"placeholder":"00000","gt_translate_keys":["label","placeholder","value"],"price_dependency":false,"cl_dependency":false}],[{"active":true,"col":6,"relations":[{"operator":false,"rules":[{"operator":"AND","rules":{"cl_field":"select_965b1709c06abc","cl_relation":"is","cl_val":"nein"}}]}],"cl_rule":"show","enableCl":true,"price":"","enablePrice":false,"className":"","label_position":"default","desc_position":"default","type":"content","required":false,"elementId":"content_065b1709c06ad5","label":"Uwaga!","name":"content_065b1709c06ad5","contentType":"plain","value":"Numer zam\u00f3wienia mo\u017cna znale\u017a\u0107 we wszystkich wiadomo\u015bciach e-mail, kt\u00f3re wys\u0142ali\u015bmy w zwi\u0105zku z zam\u00f3wieniem d\u017awi\u0119kowej ksi\u0119gi go\u015bci.","error":false,"subtype":"p","hideFieldIn_cart":true,"hideFieldIn_order":true,"gt_translate_keys":["label","value"],"price_dependency":false,"cl_dependency":false}],[{"active":true,"col":6,"relations":false,"cl_rule":"show","enableCl":false,"price":"","enablePrice":false,"className":"","label_position":"default","desc_position":"default","type":"select","required":true,"elementId":"select_865b1709c06adb","label":"Przes\u0142a\u0107 zdj\u0119cia do kola\u017cu na odwrocie ok\u0142adki?","name":"select_865b1709c06adb","values":[{"label":"Wybierz","value":"bittewaehlen","selected":false,"tempId":"aco_1314","gt_translate_keys":["label"]},{"label":"Tak","value":"ja","selected":false,"tempId":"aco_1315","gt_translate_keys":["label"]},{"label":"Nie","value":"nein","selected":false,"tempId":"aco_1316","gt_translate_keys":["label"]}],"dropdown_type":"basic","error":false,"gt_translate_keys":["label"],"price_dependency":false,"cl_dependency":["file_065b1709c06ae1"],"value":""}],[{"active":true,"col":6,"relations":[{"operator":false,"rules":[{"operator":"AND","rules":{"cl_field":"select_865b1709c06adb","cl_relation":"is","cl_val":"ja"}}]}],"cl_rule":"show","enableCl":true,"price":"","enablePrice":false,"className":"","label_position":"default","desc_position":"default","type":"file","required":false,"elementId":"file_065b1709c06ae1","name":"file_065b1709c06ae1","label":"Przes\u0142a\u0107 osobiste zdj\u0119cia (22-25 sztuk)","upload_type":"droppable","uploadSize":"150","file_types":["images"],"error":false,"minUploadSize":"","multiple_upload":true,"enable_quantity":false,"quantity_label":"Quantity","max_file_count":"25","allowedFileTypes":"image\/*","gt_translate_keys":["label","quantity_label"],"price_dependency":false,"cl_dependency":false,"value":""}]]}},"config":{"price_override":"","enable_recaptcha":false,"bind_quantity":false,"quantity_bind_formula":false,"disp_summ_show_option_price":true,"disp_summ_show_product_price":true,"disp_summ_show_total_price":true,"disp_summ_show_fee":false,"disp_summ_show_discount":false,"summary_title":"","options_total_label":"Optionspreis?","total_label":"Gesamt","options_product_label":"Produktpreis","fee_label":"Geb\u00fchr","discount_label":"Rabatt","has_price":true,"has_quantity_formula":false},"mc_unit":4.32000000000000028421709430404007434844970703125,"tax_rate":1,"tax_rate_real":0.190000000000000002220446049250313080847263336181640625,"discount":{"percentage":0,"fixed":0},"design":{"conf":{"LabelPosition":"above","DescPosition":"above","UploadField":"custom_1","QuantityFieldStyle":"default"},"css":{"LeftLabelWidth":"120px"}},"formulas":[],"lookuptables":[],"clones":false,"cartKey":false}},"publishpress_future_workflow_manual_trigger":{"enabledWorkflows":[]},"_links":{"self":[{"href":"https:\/\/telefon-mieten.de\/pl\/wp-json\/wp\/v2\/product\/17232","targetHints":{"allow":["GET"]}}],"collection":[{"href":"https:\/\/telefon-mieten.de\/pl\/wp-json\/wp\/v2\/product"}],"about":[{"href":"https:\/\/telefon-mieten.de\/pl\/wp-json\/wp\/v2\/types\/product"}],"version-history":[{"count":0,"href":"https:\/\/telefon-mieten.de\/pl\/wp-json\/wp\/v2\/product\/17232\/revisions"}],"wp:featuredmedia":[{"embeddable":true,"href":"https:\/\/telefon-mieten.de\/pl\/wp-json\/wp\/v2\/media\/17536"}],"wp:attachment":[{"href":"https:\/\/telefon-mieten.de\/pl\/wp-json\/wp\/v2\/media?parent=17232"}],"wp:term":[{"taxonomy":"product_brand","embeddable":true,"href":"https:\/\/telefon-mieten.de\/pl\/wp-json\/wp\/v2\/product_brand?post=17232"},{"taxonomy":"product_cat","embeddable":true,"href":"https:\/\/telefon-mieten.de\/pl\/wp-json\/wp\/v2\/product_cat?post=17232"},{"taxonomy":"product_tag","embeddable":true,"href":"https:\/\/telefon-mieten.de\/pl\/wp-json\/wp\/v2\/product_tag?post=17232"}],"curies":[{"name":"wp","href":"https:\/\/api.w.org\/{rel}","templated":true}]}}