{"id":20665,"date":"2024-01-27T18:05:25","date_gmt":"2024-01-27T17:05:25","guid":{"rendered":"https:\/\/telefon-mieten.de\/dev-tm\/?post_type=product&#038;p=20665"},"modified":"2024-10-04T16:37:17","modified_gmt":"2024-10-04T14:37:17","slug":"audio-ksiega-gosci-dorota","status":"publish","type":"product","link":"https:\/\/telefon-mieten.de\/pl\/audio-ksiega-gosci-dorota\/","title":{"rendered":"Audio Ksi\u0119ga Go\u015bci Dorota"},"content":{"rendered":"","protected":false},"excerpt":{"rendered":"<p><span style=\"vertical-align: inherit;\"><span style=\"vertical-align: inherit;\"><span style=\"vertical-align: inherit;\"><span style=\"vertical-align: inherit;\">plus 400,00 z\u0142 kaucji za wynajem (zostanie zwr\u00f3cona po zwrocie i inspekcji)<\/span><\/span><\/span><\/span><\/p>\n<h3><span style=\"vertical-align: inherit;\"><span style=\"vertical-align: inherit;\"><span style=\"vertical-align: inherit;\"><span style=\"vertical-align: inherit;\">Zakres dostawy:<\/span><\/span><\/span><\/span><\/h3>\n<ul>\n<li><span style=\"vertical-align: inherit;\"><span style=\"vertical-align: inherit;\"><span style=\"vertical-align: inherit;\"><span style=\"vertical-align: inherit;\">Ksi\u0119ga go\u015bci audio &#8222;Dorota&#8221; (Rubinowy)<\/span><\/span><\/span><\/span><\/li>\n<li><span style=\"vertical-align: inherit;\"><span style=\"vertical-align: inherit;\"><span style=\"vertical-align: inherit;\"><span style=\"vertical-align: inherit;\">Kabel po\u0142\u0105czeniowy w zestawie. <\/span><\/span><\/span><span style=\"vertical-align: inherit;\"><span style=\"vertical-align: inherit;\"><span style=\"vertical-align: inherit;\">Power bank<\/span><\/span><\/span><\/span><\/li>\n<li><span style=\"vertical-align: inherit;\"><span style=\"vertical-align: inherit;\"><span style=\"vertical-align: inherit;\"><span style=\"vertical-align: inherit;\">Roll-Up Baner, rozmiar A3<\/span><\/span><\/span><\/span><\/li>\n<li><span style=\"vertical-align: inherit;\"><span style=\"vertical-align: inherit;\"><span style=\"vertical-align: inherit;\"><span style=\"vertical-align: inherit;\">Wytrzyma\u0142a walizka transportowa<\/span><\/span><\/span><\/span><\/li>\n<li><span style=\"vertical-align: inherit;\"><span style=\"vertical-align: inherit;\"><span style=\"vertical-align: inherit;\"><span style=\"vertical-align: inherit;\">Etykieta zwrotna<\/span><\/span><\/span><\/span><\/li>\n<\/ul>\n<h3><span style=\"vertical-align: inherit;\"><span style=\"vertical-align: inherit;\"><span style=\"vertical-align: inherit;\"><span style=\"vertical-align: inherit;\">Us\u0142ugi:<\/span><\/span><\/span><\/span><\/h3>\n<ul>\n<li><span style=\"vertical-align: inherit;\"><span style=\"vertical-align: inherit;\"><span style=\"vertical-align: inherit;\"><span style=\"vertical-align: inherit;\">Optymalizacja poszczeg\u00f3lnych plik\u00f3w audio<\/span><\/span><\/span><\/span><\/li>\n<li><span style=\"vertical-align: inherit;\"><span style=\"vertical-align: inherit;\"><span style=\"vertical-align: inherit;\"><span style=\"vertical-align: inherit;\">Tworzenie og\u00f3lnej kompozycji<\/span><\/span><\/span><\/span><\/li>\n<li><span style=\"vertical-align: inherit;\"><span style=\"vertical-align: inherit;\"><span style=\"vertical-align: inherit;\"><span style=\"vertical-align: inherit;\">Dostarczanie pojedynczych plik\u00f3w i ca\u0142ej kompozycji do pobrania<\/span><\/span><\/span><\/span><\/li>\n<\/ul>\n<h3><span style=\"vertical-align: inherit;\"><span style=\"vertical-align: inherit;\"><span style=\"vertical-align: inherit;\"><span style=\"vertical-align: inherit;\">Wskaz\u00f3wka:<\/span><\/span><\/span><\/span><\/h3>\n<p><span style=\"vertical-align: inherit;\"><span style=\"vertical-align: inherit;\"><span style=\"vertical-align: inherit;\"><span style=\"vertical-align: inherit;\">Czy chcesz nagrywa\u0107 wiadomo\u015bci od go\u015bci, kt\u00f3rzy nie mog\u0105 przyby\u0107 osobi\u015bcie? <\/span><\/span><\/span><span style=\"vertical-align: inherit;\"><span style=\"vertical-align: inherit;\"><span style=\"vertical-align: inherit;\">Nast\u0119pnie nasz <\/span><\/span><\/span><\/span><a href=\"\/pl\/wirtualna-audio-ksiega-gosci\/\"><span style=\"vertical-align: inherit;\"><span style=\"vertical-align: inherit;\"><span style=\"vertical-align: inherit;\"><span style=\"vertical-align: inherit;\">Wirtualna Audio Ksi\u0119ga Go\u015bci<\/span><\/span><\/span><\/span><\/a><span style=\"vertical-align: inherit;\"><span style=\"vertical-align: inherit;\"><span style=\"vertical-align: inherit;\"><span style=\"vertical-align: inherit;\"> b\u0119dzie idealnym dodatkiem!<\/span><\/span><\/span><\/span><\/p>\n<h3><span style=\"vertical-align: inherit;\"><span style=\"vertical-align: inherit;\"><span style=\"vertical-align: inherit;\"><span style=\"vertical-align: inherit;\">Ustaw dat\u0119 rezerwacji:<\/span><\/span><\/span><\/span><\/h3>\n","protected":false},"featured_media":20678,"template":"","meta":[],"product_brand":[],"product_cat":[191],"product_tag":[],"class_list":{"0":"post-20665","1":"product","2":"type-product","3":"status-publish","4":"has-post-thumbnail","6":"product_cat-audio-ksiegi-gosci","7":"wcpa_has_options","9":"first","10":"instock","11":"sold-individually","12":"taxable","13":"shipping-taxable","14":"purchasable","15":"product-type-booking"},"booking_location":"","booking_location_type":"","booking_duration":1,"booking_duration_unit":"day","booking_buffer":6,"booking_cost":800,"booking_resources":[],"wcpa_form_fields":{"wcpaData":{"product":{"product_price":800,"price_html":"<span class=\"woocommerce-Price-amount amount\"><bdi>800,00&nbsp;<span class=\"woocommerce-Price-currencySymbol\">&#122;&#322;<\/span><\/bdi><\/span>","original_product_price":800,"price_including_tax":3460,"price_excluding_tax":2907.56302499999992505763657391071319580078125,"product_id":{"parent":20665,"variation":false},"is_variable":false,"stock_status":"instock","stock_quantity":null,"parent_sku":"","product_attributes":[],"custom_fields":[],"is_taxable":true,"product_name":"Audio Ksi\u0119ga Go\u015bci Dorota","hasImage":false},"fields":{"sec_9653130b123d72":{"extra":{"key":"sec_9653130b123d72","section_id":"sec_9653130b123d72","name":"Default","status":1,"cl_rule":"show","enableCl":false,"relations":[],"toggle":true,"title_tag":"h3","show_title":false,"showPrice":"default","form_id":17355,"form_rules":{"exclude_from_discount":false,"fee_label":"Geb\u00fchr","disp_hide_options_price":false,"disp_show_section_price":false,"disp_show_field_price":true,"layout_option":"standard","pric_use_as_fee":false,"process_fee_as":"woo_fee"},"layout_option":"standard"},"fields":[[{"active":true,"col":6,"relations":false,"cl_rule":"show","enableCl":false,"price":"","enablePrice":false,"className":"","label_position":"default","desc_position":"default","type":"content","required":false,"elementId":"content_7225548951","label":"Aby spersonalizowa\u0107 Twoj\u0105 Retro Audio Ksi\u0119g\u0119 Go\u015bci, prosz\u0119 wprowadzi\u0107 nast\u0119puj\u0105ce dane:","name":"content_7225548951","contentType":"plain","value":"","error":false,"subtype":"p","gt_translate_keys":["label","value"],"price_dependency":false,"cl_dependency":false}],[{"active":true,"col":6,"relations":false,"cl_rule":"show","enableCl":false,"price":"","enablePrice":false,"className":"","label_position":"default","desc_position":"default","type":"select","required":true,"elementId":"select_2621376666","label":"Rodzaj Wydarzenia?","name":"select_2621376666","values":[{"label":"Prosz\u0119 wybra\u0107","value":"bitte auswaehlen","selected":false,"tempId":"aco_879","gt_translate_keys":["label"]},{"label":"\u015alub","value":"hochzeit","selected":false,"tempId":"aco_880","gt_translate_keys":["label"]},{"label":"Urodziny","value":"geburtstag","selected":false,"tempId":"aco_881","gt_translate_keys":["label"]},{"label":"Wydarzenie","value":"companyevent","selected":false,"tempId":"aco_1548","gt_translate_keys":["label"]},{"label":"Inne","value":"other","selected":false,"tempId":"aco_3507","gt_translate_keys":["label"]}],"dropdown_type":"basic","error":false,"gt_translate_keys":["label"],"price_dependency":false,"cl_dependency":["text_7555561639","text_7596871640","text_1826092554","text_2190023728","text_7402567505","content_4034566541"],"value":""}],[{"active":true,"col":6,"relations":[{"operator":false,"rules":[{"operator":false,"rules":{"cl_field":"select_2621376666","cl_relation":"is","cl_val":"hochzeit"}}]}],"cl_rule":"show","enableCl":true,"price":"","enablePrice":false,"className":"","label_position":"default","desc_position":"default","type":"text","subtype":"text","required":true,"elementId":"text_7555561639","label":"Imi\u0119 1","name":"text_7555561639","value":"","error":false,"placeholder":"np. imi\u0119 panny m\u0142odej","gt_translate_keys":["label","placeholder","value"],"price_dependency":false,"cl_dependency":false}],[{"active":true,"col":6,"relations":[{"operator":false,"rules":[{"operator":"AND","rules":{"cl_field":"select_2621376666","cl_relation":"is","cl_val":"hochzeit"}}]}],"cl_rule":"show","enableCl":true,"price":"","enablePrice":false,"className":"","label_position":"default","desc_position":"default","type":"text","subtype":"text","required":true,"elementId":"text_7596871640","label":"Imi\u0119 2","name":"text_7596871640","value":"","error":false,"placeholder":"np. imi\u0119 pana m\u0142odego","gt_translate_keys":["label","placeholder","value"],"price_dependency":false,"cl_dependency":false}],[{"active":true,"col":6,"relations":[{"operator":false,"rules":[{"operator":"AND","rules":{"cl_field":"select_2621376666","cl_relation":"is","cl_val":"geburtstag"}}]}],"cl_rule":"show","enableCl":true,"price":"","enablePrice":false,"className":"","label_position":"default","desc_position":"default","type":"text","subtype":"text","required":true,"elementId":"text_1826092554","label":"Imi\u0119 1","name":"text_1826092554","value":"","error":false,"placeholder":"Wprowad\u017a imi\u0119 osoby obchodz\u0105cej urodziny.","gt_translate_keys":["label","placeholder","value"],"price_dependency":false,"cl_dependency":false}],[{"active":true,"col":6,"relations":[{"operator":false,"rules":[{"operator":"AND","rules":{"cl_field":"select_2621376666","cl_relation":"is","cl_val":"companyevent"}}]}],"cl_rule":"show","enableCl":true,"price":"","enablePrice":false,"className":"","label_position":"default","desc_position":"default","type":"text","subtype":"text","required":true,"elementId":"text_2190023728","label":"Nazwa Wydarzenia","name":"text_2190023728","value":"","error":false,"placeholder":"Podaj nazw\u0119 wydarzenia (np. 40. rocznica firmy).","gt_translate_keys":["label","placeholder","value"],"price_dependency":false,"cl_dependency":false}],[{"active":true,"col":6,"relations":[{"operator":false,"rules":[{"operator":"AND","rules":{"cl_field":"select_2621376666","cl_relation":"is","cl_val":"companyevent"}}]}],"cl_rule":"show","enableCl":true,"price":"","enablePrice":false,"className":"","label_position":"default","desc_position":"default","type":"text","subtype":"text","required":true,"elementId":"text_7402567505","label":"Nazwa Firmy","name":"text_7402567505","value":"Podaj nazw\u0119 firmy (np. Autohandel Novak).","error":false,"gt_translate_keys":["label","value"],"price_dependency":false,"cl_dependency":false}],[{"active":true,"col":6,"relations":[{"operator":false,"rules":[{"operator":"AND","rules":{"cl_field":"select_2621376666","cl_relation":"is","cl_val":"other"}}]}],"cl_rule":"show","enableCl":true,"price":"","enablePrice":false,"className":"","label_position":"default","desc_position":"default","type":"content","required":false,"elementId":"content_4034566541","label":"Uwaga!","name":"content_4034566541","contentType":"rich","value":"<p>Po z\u0142o\u017ceniu zam\u00f3wienia prosimy o kontakt pisemny w celu spersonalizowania. Prosz\u0119 skorzysta\u0107 z naszego <a href=\"\/pl\/kontakt\">formularza kontaktowego<\/a> lub poda\u0107 pi\u0119ciocyfrowy numer zam\u00f3wienia w wiadomo\u015bci e-mail.<\/p>","error":false,"gt_translate_keys":["label","value"],"price_dependency":false,"cl_dependency":false}],[{"active":true,"col":6,"relations":false,"cl_rule":"show","enableCl":false,"price":"","enablePrice":false,"className":"","label_position":"default","desc_position":"default","type":"select","required":true,"elementId":"select_0410950123","label":"Wybierz j\u0119zyk banera Roll-Up i powitania.","name":"select_0410950123","values":[{"label":"Prosz\u0119 wybra\u0107","value":"bittewaehlen","selected":false,"tempId":"aco_276","gt_translate_keys":["label"]},{"label":"Niemiecki","value":"deutsch","selected":false,"tempId":"aco_277","gt_translate_keys":["label"]},{"label":"Angielski","value":"englisch","selected":false,"tempId":"aco_278","gt_translate_keys":["label"]},{"label":"Polski","value":"polnisch","selected":false,"tempId":"aco_711","gt_translate_keys":["label"]},{"label":"Inny j\u0119zyk","value":"anderesprache","selected":false,"tempId":"aco_865","gt_translate_keys":["label"]}],"dropdown_type":"basic","error":false,"gt_translate_keys":["label"],"price_dependency":false,"cl_dependency":["text_5559161118"],"value":""}],[{"active":true,"col":6,"relations":[{"operator":false,"rules":[{"operator":"AND","rules":{"cl_field":"select_0410950123","cl_relation":"is","cl_val":"anderesprache"}}]}],"cl_rule":"show","enableCl":true,"price":"","enablePrice":false,"className":"","label_position":"default","desc_position":"default","type":"text","subtype":"text","required":false,"elementId":"text_5559161118","label":"Wybierz j\u0119zyk banera Roll-Up (4 tygodnie czasu produkcji) \/ powitania.","name":"text_5559161118","value":"","error":false,"gt_translate_keys":["label","value"],"price_dependency":false,"cl_dependency":false}]]}},"config":{"price_override":"","enable_recaptcha":false,"bind_quantity":false,"quantity_bind_formula":false,"disp_summ_show_option_price":true,"disp_summ_show_product_price":true,"disp_summ_show_total_price":true,"disp_summ_show_fee":false,"disp_summ_show_discount":false,"summary_title":"","options_total_label":"Optionspreis?","total_label":"Gesamt","options_product_label":"Produktpreis","fee_label":"Geb\u00fchr","discount_label":"Rabatt","has_price":true,"has_quantity_formula":false},"mc_unit":4.32000000000000028421709430404007434844970703125,"tax_rate":1,"tax_rate_real":0.190000000000000002220446049250313080847263336181640625,"discount":{"percentage":0,"fixed":0},"design":{"conf":{"LabelPosition":"above","DescPosition":"above","UploadField":"custom_1","QuantityFieldStyle":"default"},"css":{"LeftLabelWidth":"120px"}},"formulas":[],"lookuptables":[],"clones":false,"cartKey":false}},"publishpress_future_workflow_manual_trigger":{"enabledWorkflows":[]},"_links":{"self":[{"href":"https:\/\/telefon-mieten.de\/pl\/wp-json\/wp\/v2\/product\/20665","targetHints":{"allow":["GET"]}}],"collection":[{"href":"https:\/\/telefon-mieten.de\/pl\/wp-json\/wp\/v2\/product"}],"about":[{"href":"https:\/\/telefon-mieten.de\/pl\/wp-json\/wp\/v2\/types\/product"}],"version-history":[{"count":0,"href":"https:\/\/telefon-mieten.de\/pl\/wp-json\/wp\/v2\/product\/20665\/revisions"}],"wp:featuredmedia":[{"embeddable":true,"href":"https:\/\/telefon-mieten.de\/pl\/wp-json\/wp\/v2\/media\/20678"}],"wp:attachment":[{"href":"https:\/\/telefon-mieten.de\/pl\/wp-json\/wp\/v2\/media?parent=20665"}],"wp:term":[{"taxonomy":"product_brand","embeddable":true,"href":"https:\/\/telefon-mieten.de\/pl\/wp-json\/wp\/v2\/product_brand?post=20665"},{"taxonomy":"product_cat","embeddable":true,"href":"https:\/\/telefon-mieten.de\/pl\/wp-json\/wp\/v2\/product_cat?post=20665"},{"taxonomy":"product_tag","embeddable":true,"href":"https:\/\/telefon-mieten.de\/pl\/wp-json\/wp\/v2\/product_tag?post=20665"}],"curies":[{"name":"wp","href":"https:\/\/api.w.org\/{rel}","templated":true}]}}